{"id":591,"date":"2021-03-01T10:36:03","date_gmt":"2021-03-01T09:36:03","guid":{"rendered":"http:\/\/www.atez.es\/transparencia\/10-otros-contenidos-objeto-de-publicidad\/"},"modified":"2021-03-01T10:36:03","modified_gmt":"2021-03-01T09:36:03","slug":"10-otros-contenidos-objeto-de-publicidad","status":"publish","type":"page","link":"http:\/\/www.atez.es\/es\/transparencia\/10-otros-contenidos-objeto-de-publicidad\/","title":{"rendered":"10.- Otros contenidos objeto de publicidad"},"content":{"rendered":"<p><strong>En esta secci\u00f3n encontrar\u00e1s informaci\u00f3n sobre la inversi\u00f3n publicitaria anual y las solicitudes de informaci\u00f3n p\u00fablica que m\u00e1s se repiten.<\/strong><\/p>\n<ul>\n<li>Inversi\u00f3n Publicitaria.<\/li>\n<li>Anuncios Oficiales.<\/li>\n<li>Participaci\u00f3n Ciudadana.<\/li>\n<li>\u2026<\/li>\n<li><a href=\"https:\/\/gobiernoabierto.navarra.es\/es\/transparencia\/solicitud-informacion-publica\/que-es\/como-acceder\/formulario\" target=\"_blank\" rel=\"noopener\">Solicitud de informaci\u00f3n p\u00fablica.<\/a><\/li>\n<\/ul>\n","protected":false},"excerpt":{"rendered":"<p>En esta secci\u00f3n encontrar\u00e1s informaci\u00f3n sobre la inversi\u00f3n publicitaria anual y las solicitudes de informaci\u00f3n p\u00fablica que m\u00e1s se repiten. Inversi\u00f3n Publicitaria. Anuncios Oficiales. Participaci\u00f3n Ciudadana. \u2026 Solicitud de informaci\u00f3n p\u00fablica.<\/p>\n","protected":false},"author":1,"featured_media":0,"parent":571,"menu_order":0,"comment_status":"closed","ping_status":"closed","template":"","meta":{"footnotes":""},"_links":{"self":[{"href":"http:\/\/www.atez.es\/es\/wp-json\/wp\/v2\/pages\/591"}],"collection":[{"href":"http:\/\/www.atez.es\/es\/wp-json\/wp\/v2\/pages"}],"about":[{"href":"http:\/\/www.atez.es\/es\/wp-json\/wp\/v2\/types\/page"}],"author":[{"embeddable":true,"href":"http:\/\/www.atez.es\/es\/wp-json\/wp\/v2\/users\/1"}],"replies":[{"embeddable":true,"href":"http:\/\/www.atez.es\/es\/wp-json\/wp\/v2\/comments?post=591"}],"version-history":[{"count":0,"href":"http:\/\/www.atez.es\/es\/wp-json\/wp\/v2\/pages\/591\/revisions"}],"up":[{"embeddable":true,"href":"http:\/\/www.atez.es\/es\/wp-json\/wp\/v2\/pages\/571"}],"wp:attachment":[{"href":"http:\/\/www.atez.es\/es\/wp-json\/wp\/v2\/media?parent=591"}],"curies":[{"name":"wp","href":"https:\/\/api.w.org\/{rel}","templated":true}]}}