{"id":587,"date":"2021-03-01T10:36:03","date_gmt":"2021-03-01T09:36:03","guid":{"rendered":"http:\/\/www.atez.es\/transparencia\/8-informacion-patrimonial-y-estadisctica\/"},"modified":"2021-03-01T10:36:03","modified_gmt":"2021-03-01T09:36:03","slug":"8-informacion-patrimonial-y-estadisctica","status":"publish","type":"page","link":"http:\/\/www.atez.es\/es\/transparencia\/8-informacion-patrimonial-y-estadisctica\/","title":{"rendered":"8.- Informaci\u00f3n patrimonial y estadisctica"},"content":{"rendered":"<p><strong>Relaci\u00f3n de bienes inmuebles propiedad de esta entidad o sobre los que ostenta alg\u00fan derecho real.<\/strong><\/p>\n<p>Veh\u00edculos oficiales adscritos al ayuntamiento.<\/p>\n<p>Inventario de inmuebles, bienes y derechos municipales.<\/p>\n","protected":false},"excerpt":{"rendered":"<p>Relaci\u00f3n de bienes inmuebles propiedad de esta entidad o sobre los que ostenta alg\u00fan derecho real. Veh\u00edculos oficiales adscritos al ayuntamiento. Inventario de inmuebles, bienes y derechos municipales.<\/p>\n","protected":false},"author":1,"featured_media":0,"parent":571,"menu_order":0,"comment_status":"closed","ping_status":"closed","template":"","meta":{"footnotes":""},"_links":{"self":[{"href":"http:\/\/www.atez.es\/es\/wp-json\/wp\/v2\/pages\/587"}],"collection":[{"href":"http:\/\/www.atez.es\/es\/wp-json\/wp\/v2\/pages"}],"about":[{"href":"http:\/\/www.atez.es\/es\/wp-json\/wp\/v2\/types\/page"}],"author":[{"embeddable":true,"href":"http:\/\/www.atez.es\/es\/wp-json\/wp\/v2\/users\/1"}],"replies":[{"embeddable":true,"href":"http:\/\/www.atez.es\/es\/wp-json\/wp\/v2\/comments?post=587"}],"version-history":[{"count":0,"href":"http:\/\/www.atez.es\/es\/wp-json\/wp\/v2\/pages\/587\/revisions"}],"up":[{"embeddable":true,"href":"http:\/\/www.atez.es\/es\/wp-json\/wp\/v2\/pages\/571"}],"wp:attachment":[{"href":"http:\/\/www.atez.es\/es\/wp-json\/wp\/v2\/media?parent=587"}],"curies":[{"name":"wp","href":"https:\/\/api.w.org\/{rel}","templated":true}]}}