{"id":585,"date":"2021-03-01T10:36:03","date_gmt":"2021-03-01T09:36:03","guid":{"rendered":"http:\/\/www.atez.es\/transparencia\/7-informacion-sobre-convenios-de-colaboracion-contratos-programas-encomiendas-y-encargos-a-medios-propios\/"},"modified":"2021-03-01T10:36:03","modified_gmt":"2021-03-01T09:36:03","slug":"7-informacion-sobre-convenios-de-colaboracion-contratos-programas-encomiendas-y-encargos-a-medios-propios","status":"publish","type":"page","link":"http:\/\/www.atez.es\/es\/transparencia\/7-informacion-sobre-convenios-de-colaboracion-contratos-programas-encomiendas-y-encargos-a-medios-propios\/","title":{"rendered":"7.- Informaci\u00f3n sobre convenios de colaboraci\u00f3n, contratos-programas, encomiendas y encargos a medios propios"},"content":{"rendered":"<p><strong>En la presente secci\u00f3n se pone a disposici\u00f3n p\u00fablica la informaci\u00f3n sobre convenios de colaboraci\u00f3n suscritos por esta entidad y los contratos entre sociedades p\u00fablicas.<\/strong><\/p>\n<p>Convocatorias de subvenciones y ayudas concedidas, incluyendo importe, objetivo y beneficiarios.<\/p>\n<p>Convenios suscritos, firmantes, objeto y obligaciones econ\u00f3micas convenidas.<\/p>\n","protected":false},"excerpt":{"rendered":"<p>En la presente secci\u00f3n se pone a disposici\u00f3n p\u00fablica la informaci\u00f3n sobre convenios de colaboraci\u00f3n suscritos por esta entidad y los contratos entre sociedades p\u00fablicas. Convocatorias de subvenciones y ayudas concedidas, incluyendo importe, objetivo y beneficiarios. Convenios suscritos, firmantes, objeto y obligaciones econ\u00f3micas convenidas.<\/p>\n","protected":false},"author":1,"featured_media":0,"parent":571,"menu_order":0,"comment_status":"closed","ping_status":"closed","template":"","meta":{"footnotes":""},"_links":{"self":[{"href":"http:\/\/www.atez.es\/es\/wp-json\/wp\/v2\/pages\/585"}],"collection":[{"href":"http:\/\/www.atez.es\/es\/wp-json\/wp\/v2\/pages"}],"about":[{"href":"http:\/\/www.atez.es\/es\/wp-json\/wp\/v2\/types\/page"}],"author":[{"embeddable":true,"href":"http:\/\/www.atez.es\/es\/wp-json\/wp\/v2\/users\/1"}],"replies":[{"embeddable":true,"href":"http:\/\/www.atez.es\/es\/wp-json\/wp\/v2\/comments?post=585"}],"version-history":[{"count":0,"href":"http:\/\/www.atez.es\/es\/wp-json\/wp\/v2\/pages\/585\/revisions"}],"up":[{"embeddable":true,"href":"http:\/\/www.atez.es\/es\/wp-json\/wp\/v2\/pages\/571"}],"wp:attachment":[{"href":"http:\/\/www.atez.es\/es\/wp-json\/wp\/v2\/media?parent=585"}],"curies":[{"name":"wp","href":"https:\/\/api.w.org\/{rel}","templated":true}]}}