{"id":424,"date":"2020-12-15T08:28:59","date_gmt":"2020-12-15T07:28:59","guid":{"rendered":"http:\/\/w2.atez.es\/?page_id=424"},"modified":"2020-12-15T08:48:46","modified_gmt":"2020-12-15T07:48:46","slug":"senderos-de-atetz","status":"publish","type":"page","link":"http:\/\/www.atez.es\/es\/turismo\/senderos-de-atetz\/","title":{"rendered":"Senderos de Atetz"},"content":{"rendered":"<p>El Ayuntamiento de Atetz ha finalizado la se\u00f1alizaci\u00f3n de una red de sendas destinadas a la pr\u00e1ctica del senderismo. El proyecto fue redactado en el a\u00f1o 2012 y en \u00e9l han participado las \u00faltimas tres Corporaciones Municipales de este Ayuntamiento.<\/p>\n<p>Se trata de una red de senderos que ha unido los pueblos que configuran el Valle y as\u00ed ofrecer a su vecindario y a los visitantes que lo deseen unos paseos saludables, una v\u00eda de reconocimiento y una puesta en valor de su territorio y la conexi\u00f3n a su vez de \u00e9ste con los valles vecinos. Estamos ante una red funcional, continua, no s\u00f3lo para descubrir hitos puntuales (enclaves singulares, d\u00f3lmenes, miradores, etc&#8230;), sino para dar servicio a toda la poblaci\u00f3n del valle y a los visitantes que se ofrezcan, promocionando el ejercicio f\u00edsico de una manera saludable.<\/p>\n<p>Muchos de los caminos propuestos forman parte del legado hist\u00f3rico cultural de los habitantes de Atetz. Se tratan de caminos hist\u00f3ricos por los que se han canalizado las relaciones sociales, las rutas ganaderas, etc&#8230;<\/p>\n<p>Para definir el recorrido se ha llevado a cabo un intenso trabajo en el que han participado vecinos y vecinas del valle, trabajadores municipales y diferentes entidades p\u00fablicas. As\u00ed mismo, se han tomado en consideraci\u00f3n todas las aportaciones de todas las personas que pudieran ser afectadas.<\/p>\n<p>Como consecuencia de este trabajo se han realizado los cambios en el trazado original, se han acondicionado senderos alternativos y se han previstos pasos r\u00e1pidos que eviten tocar portillos.<\/p>\n<p>Cabe destacar la labor de las personas voluntarias del Valle que han colaborado en el proyecto, que siendo buenas conocedoras de su territorio y dispuestas a compartir sus paisajes y lugares, han participado activamente en la toma de decisiones y en la realizaci\u00f3n de los trabajos de acondicionamiento. Nuestro sincero agradecimiento.<\/p>\n<p>Tampoco queremos dejar de mencionar la exquisita colaboraci\u00f3n de los Presidentes de nuestros Concejos que en todo momento han facilitado el trabajo llevado a cabo y han ayudado a conseguir un trazado atractivo y funcional as\u00ed como a los propietarios de los caser\u00edos de Labaso e Iriberri que nos han dado alternativas a las dificultades que se nos han ido presentando.<\/p>\n<p><a href=\"http:\/\/w2.atez.es\/wp-content\/uploads\/2020\/12\/senderos.jpg\"><img loading=\"lazy\" decoding=\"async\" class=\"aligncenter wp-image-407\" src=\"http:\/\/w2.atez.es\/wp-content\/uploads\/2020\/12\/senderos-300x107.jpg\" alt=\"\" width=\"740\" height=\"264\" srcset=\"http:\/\/www.atez.es\/wp-content\/uploads\/2020\/12\/senderos-300x107.jpg 300w, http:\/\/www.atez.es\/wp-content\/uploads\/2020\/12\/senderos-1024x365.jpg 1024w, http:\/\/www.atez.es\/wp-content\/uploads\/2020\/12\/senderos-768x274.jpg 768w, http:\/\/www.atez.es\/wp-content\/uploads\/2020\/12\/senderos-780x278.jpg 780w, http:\/\/www.atez.es\/wp-content\/uploads\/2020\/12\/senderos-180x64.jpg 180w, http:\/\/www.atez.es\/wp-content\/uploads\/2020\/12\/senderos.jpg 1235w\" sizes=\"(max-width: 740px) 100vw, 740px\" \/><\/a><\/p>\n<div class=\"bloque class-col-xs-12\"><a href=\"#senderos\" class=\"bloque-tab\">Senderos de Atetz<\/a><div class=\"contenido-bloque\" id=\"senderos\" style=\"display: none;\"><\/p>\n<p><a href=\"http:\/\/w2.atez.es\/wp-content\/uploads\/2020\/11\/senderos_ATEZ_reducida.jpg\"><img loading=\"lazy\" decoding=\"async\" class=\"alignnone wp-image-286\" src=\"http:\/\/w2.atez.es\/wp-content\/uploads\/2020\/11\/senderos_ATEZ_reducida-1024x683.jpg\" alt=\"\" width=\"740\" height=\"493\" srcset=\"http:\/\/www.atez.es\/wp-content\/uploads\/2020\/11\/senderos_ATEZ_reducida-1024x683.jpg 1024w, http:\/\/www.atez.es\/wp-content\/uploads\/2020\/11\/senderos_ATEZ_reducida-300x200.jpg 300w, http:\/\/www.atez.es\/wp-content\/uploads\/2020\/11\/senderos_ATEZ_reducida-768x512.jpg 768w, http:\/\/www.atez.es\/wp-content\/uploads\/2020\/11\/senderos_ATEZ_reducida-1536x1024.jpg 1536w, http:\/\/www.atez.es\/wp-content\/uploads\/2020\/11\/senderos_ATEZ_reducida-780x520.jpg 780w, http:\/\/www.atez.es\/wp-content\/uploads\/2020\/11\/senderos_ATEZ_reducida-180x120.jpg 180w, http:\/\/www.atez.es\/wp-content\/uploads\/2020\/11\/senderos_ATEZ_reducida.jpg 1800w\" sizes=\"(max-width: 740px) 100vw, 740px\" \/><\/a><\/p>\n<p><\/div><\/div>\n<div class=\"bloque class-col-xs-12\"><a href=\"#Aroztegi\" class=\"bloque-tab\">Aroztegi<\/a><div class=\"contenido-bloque\" id=\"Aroztegi\" style=\"display: none;\"><\/p>\n<p><a href=\"http:\/\/w2.atez.es\/wp-content\/uploads\/2020\/12\/AtetzekoPanelak-AroztegiF02.jpg\"><img loading=\"lazy\" decoding=\"async\" class=\"alignnone wp-image-411\" src=\"http:\/\/w2.atez.es\/wp-content\/uploads\/2020\/12\/AtetzekoPanelak-AroztegiF02-1024x683.jpg\" alt=\"\" width=\"740\" height=\"493\" srcset=\"http:\/\/www.atez.es\/wp-content\/uploads\/2020\/12\/AtetzekoPanelak-AroztegiF02-1024x683.jpg 1024w, http:\/\/www.atez.es\/wp-content\/uploads\/2020\/12\/AtetzekoPanelak-AroztegiF02-300x200.jpg 300w, http:\/\/www.atez.es\/wp-content\/uploads\/2020\/12\/AtetzekoPanelak-AroztegiF02-768x512.jpg 768w, http:\/\/www.atez.es\/wp-content\/uploads\/2020\/12\/AtetzekoPanelak-AroztegiF02-1536x1024.jpg 1536w, http:\/\/www.atez.es\/wp-content\/uploads\/2020\/12\/AtetzekoPanelak-AroztegiF02-780x520.jpg 780w, http:\/\/www.atez.es\/wp-content\/uploads\/2020\/12\/AtetzekoPanelak-AroztegiF02-180x120.jpg 180w, http:\/\/www.atez.es\/wp-content\/uploads\/2020\/12\/AtetzekoPanelak-AroztegiF02.jpg 1920w\" sizes=\"(max-width: 740px) 100vw, 740px\" \/><\/a><\/p>\n<p><\/div><\/div>\n<div class=\"bloque class-col-xs-12\"><a href=\"#Beratsain\" class=\"bloque-tab\">Beratsain<\/a><div class=\"contenido-bloque\" id=\"Beratsain\" style=\"display: none;\"><\/p>\n<p><a href=\"http:\/\/w2.atez.es\/wp-content\/uploads\/2020\/12\/AtetzekoPanelak-BeratsainF02.jpg\"><img loading=\"lazy\" decoding=\"async\" class=\"alignnone wp-image-413\" src=\"http:\/\/w2.atez.es\/wp-content\/uploads\/2020\/12\/AtetzekoPanelak-BeratsainF02-1024x683.jpg\" alt=\"\" width=\"740\" height=\"493\" srcset=\"http:\/\/www.atez.es\/wp-content\/uploads\/2020\/12\/AtetzekoPanelak-BeratsainF02-1024x683.jpg 1024w, http:\/\/www.atez.es\/wp-content\/uploads\/2020\/12\/AtetzekoPanelak-BeratsainF02-300x200.jpg 300w, http:\/\/www.atez.es\/wp-content\/uploads\/2020\/12\/AtetzekoPanelak-BeratsainF02-768x512.jpg 768w, http:\/\/www.atez.es\/wp-content\/uploads\/2020\/12\/AtetzekoPanelak-BeratsainF02-1536x1024.jpg 1536w, http:\/\/www.atez.es\/wp-content\/uploads\/2020\/12\/AtetzekoPanelak-BeratsainF02-780x520.jpg 780w, http:\/\/www.atez.es\/wp-content\/uploads\/2020\/12\/AtetzekoPanelak-BeratsainF02-180x120.jpg 180w, http:\/\/www.atez.es\/wp-content\/uploads\/2020\/12\/AtetzekoPanelak-BeratsainF02.jpg 1920w\" sizes=\"(max-width: 740px) 100vw, 740px\" \/><\/a><\/p>\n<p><\/div><\/div>\n<div class=\"bloque class-col-xs-12\"><a href=\"#Beuntza\" class=\"bloque-tab\">Beuntza<\/a><div class=\"contenido-bloque\" id=\"Beuntza\" style=\"display: none;\"><\/p>\n<p><a href=\"http:\/\/w2.atez.es\/wp-content\/uploads\/2020\/12\/AtetzekoPanelak-BeuntzaF02.jpg\"><img loading=\"lazy\" decoding=\"async\" class=\"alignnone wp-image-415\" src=\"http:\/\/w2.atez.es\/wp-content\/uploads\/2020\/12\/AtetzekoPanelak-BeuntzaF02-1024x683.jpg\" alt=\"\" width=\"740\" height=\"493\" srcset=\"http:\/\/www.atez.es\/wp-content\/uploads\/2020\/12\/AtetzekoPanelak-BeuntzaF02-1024x683.jpg 1024w, http:\/\/www.atez.es\/wp-content\/uploads\/2020\/12\/AtetzekoPanelak-BeuntzaF02-300x200.jpg 300w, http:\/\/www.atez.es\/wp-content\/uploads\/2020\/12\/AtetzekoPanelak-BeuntzaF02-768x512.jpg 768w, http:\/\/www.atez.es\/wp-content\/uploads\/2020\/12\/AtetzekoPanelak-BeuntzaF02-1536x1024.jpg 1536w, http:\/\/www.atez.es\/wp-content\/uploads\/2020\/12\/AtetzekoPanelak-BeuntzaF02-780x520.jpg 780w, http:\/\/www.atez.es\/wp-content\/uploads\/2020\/12\/AtetzekoPanelak-BeuntzaF02-180x120.jpg 180w, http:\/\/www.atez.es\/wp-content\/uploads\/2020\/12\/AtetzekoPanelak-BeuntzaF02.jpg 1920w\" sizes=\"(max-width: 740px) 100vw, 740px\" \/><\/a><\/p>\n<p><\/div><\/div>\n<div class=\"bloque class-col-xs-12\"><a href=\"#Eguarats\" class=\"bloque-tab\">Eguarats<\/a><div class=\"contenido-bloque\" id=\"Eguarats\" style=\"display: none;\"><\/p>\n<p><a href=\"http:\/\/w2.atez.es\/wp-content\/uploads\/2020\/12\/AtetzekoPanelak-EguaratsF02.jpg\"><img loading=\"lazy\" decoding=\"async\" class=\"alignnone wp-image-417\" src=\"http:\/\/w2.atez.es\/wp-content\/uploads\/2020\/12\/AtetzekoPanelak-EguaratsF02-1024x683.jpg\" alt=\"\" width=\"740\" height=\"493\" srcset=\"http:\/\/www.atez.es\/wp-content\/uploads\/2020\/12\/AtetzekoPanelak-EguaratsF02-1024x683.jpg 1024w, http:\/\/www.atez.es\/wp-content\/uploads\/2020\/12\/AtetzekoPanelak-EguaratsF02-300x200.jpg 300w, http:\/\/www.atez.es\/wp-content\/uploads\/2020\/12\/AtetzekoPanelak-EguaratsF02-768x512.jpg 768w, http:\/\/www.atez.es\/wp-content\/uploads\/2020\/12\/AtetzekoPanelak-EguaratsF02-1536x1024.jpg 1536w, http:\/\/www.atez.es\/wp-content\/uploads\/2020\/12\/AtetzekoPanelak-EguaratsF02-780x520.jpg 780w, http:\/\/www.atez.es\/wp-content\/uploads\/2020\/12\/AtetzekoPanelak-EguaratsF02-180x120.jpg 180w, http:\/\/www.atez.es\/wp-content\/uploads\/2020\/12\/AtetzekoPanelak-EguaratsF02.jpg 1920w\" sizes=\"(max-width: 740px) 100vw, 740px\" \/><\/a><\/p>\n<p><\/div><\/div>\n<div class=\"bloque class-col-xs-12\"><a href=\"#Eritze\" class=\"bloque-tab\">Eritze<\/a><div class=\"contenido-bloque\" id=\"Eritze\" style=\"display: none;\"><\/p>\n<p><a href=\"http:\/\/w2.atez.es\/wp-content\/uploads\/2020\/12\/AtetzekoPanelak-EritzeF02.jpg\"><img loading=\"lazy\" decoding=\"async\" class=\"alignnone wp-image-419\" src=\"http:\/\/w2.atez.es\/wp-content\/uploads\/2020\/12\/AtetzekoPanelak-EritzeF02-1024x683.jpg\" alt=\"\" width=\"740\" height=\"493\" srcset=\"http:\/\/www.atez.es\/wp-content\/uploads\/2020\/12\/AtetzekoPanelak-EritzeF02-1024x683.jpg 1024w, http:\/\/www.atez.es\/wp-content\/uploads\/2020\/12\/AtetzekoPanelak-EritzeF02-300x200.jpg 300w, http:\/\/www.atez.es\/wp-content\/uploads\/2020\/12\/AtetzekoPanelak-EritzeF02-768x512.jpg 768w, http:\/\/www.atez.es\/wp-content\/uploads\/2020\/12\/AtetzekoPanelak-EritzeF02-1536x1024.jpg 1536w, http:\/\/www.atez.es\/wp-content\/uploads\/2020\/12\/AtetzekoPanelak-EritzeF02-780x520.jpg 780w, http:\/\/www.atez.es\/wp-content\/uploads\/2020\/12\/AtetzekoPanelak-EritzeF02-180x120.jpg 180w, http:\/\/www.atez.es\/wp-content\/uploads\/2020\/12\/AtetzekoPanelak-EritzeF02.jpg 1920w\" sizes=\"(max-width: 740px) 100vw, 740px\" \/><\/a><\/p>\n<p><\/div><\/div>\n<div class=\"bloque class-col-xs-12\"><a href=\"#Ziganda\" class=\"bloque-tab\">Ziganda<\/a><div class=\"contenido-bloque\" id=\"Ziganda\" style=\"display: none;\"><\/p>\n<p><a href=\"http:\/\/w2.atez.es\/wp-content\/uploads\/2020\/12\/AtetzekoPanelak-ZigandaF02.jpg\"><img loading=\"lazy\" decoding=\"async\" class=\"alignnone wp-image-421\" src=\"http:\/\/w2.atez.es\/wp-content\/uploads\/2020\/12\/AtetzekoPanelak-ZigandaF02-1024x683.jpg\" alt=\"\" width=\"740\" height=\"493\" srcset=\"http:\/\/www.atez.es\/wp-content\/uploads\/2020\/12\/AtetzekoPanelak-ZigandaF02-1024x683.jpg 1024w, http:\/\/www.atez.es\/wp-content\/uploads\/2020\/12\/AtetzekoPanelak-ZigandaF02-300x200.jpg 300w, http:\/\/www.atez.es\/wp-content\/uploads\/2020\/12\/AtetzekoPanelak-ZigandaF02-768x512.jpg 768w, http:\/\/www.atez.es\/wp-content\/uploads\/2020\/12\/AtetzekoPanelak-ZigandaF02-1536x1024.jpg 1536w, http:\/\/www.atez.es\/wp-content\/uploads\/2020\/12\/AtetzekoPanelak-ZigandaF02-780x520.jpg 780w, http:\/\/www.atez.es\/wp-content\/uploads\/2020\/12\/AtetzekoPanelak-ZigandaF02-180x120.jpg 180w, http:\/\/www.atez.es\/wp-content\/uploads\/2020\/12\/AtetzekoPanelak-ZigandaF02.jpg 1920w\" sizes=\"(max-width: 740px) 100vw, 740px\" \/><\/a><\/p>\n<p><\/div><\/div>\n","protected":false},"excerpt":{"rendered":"<p>El Ayuntamiento de Atetz ha finalizado la se\u00f1alizaci\u00f3n de una red de sendas destinadas a la pr\u00e1ctica del senderismo. El proyecto fue redactado en el a\u00f1o 2012 y en \u00e9l han participado las \u00faltimas tres Corporaciones Municipales de este Ayuntamiento. Se trata de una red de senderos que ha unido los pueblos que configuran el [&hellip;]<\/p>\n","protected":false},"author":1,"featured_media":0,"parent":38,"menu_order":0,"comment_status":"closed","ping_status":"closed","template":"","meta":{"footnotes":""},"_links":{"self":[{"href":"http:\/\/www.atez.es\/es\/wp-json\/wp\/v2\/pages\/424"}],"collection":[{"href":"http:\/\/www.atez.es\/es\/wp-json\/wp\/v2\/pages"}],"about":[{"href":"http:\/\/www.atez.es\/es\/wp-json\/wp\/v2\/types\/page"}],"author":[{"embeddable":true,"href":"http:\/\/www.atez.es\/es\/wp-json\/wp\/v2\/users\/1"}],"replies":[{"embeddable":true,"href":"http:\/\/www.atez.es\/es\/wp-json\/wp\/v2\/comments?post=424"}],"version-history":[{"count":3,"href":"http:\/\/www.atez.es\/es\/wp-json\/wp\/v2\/pages\/424\/revisions"}],"predecessor-version":[{"id":439,"href":"http:\/\/www.atez.es\/es\/wp-json\/wp\/v2\/pages\/424\/revisions\/439"}],"up":[{"embeddable":true,"href":"http:\/\/www.atez.es\/es\/wp-json\/wp\/v2\/pages\/38"}],"wp:attachment":[{"href":"http:\/\/www.atez.es\/es\/wp-json\/wp\/v2\/media?parent=424"}],"curies":[{"name":"wp","href":"https:\/\/api.w.org\/{rel}","templated":true}]}}