{"id":42,"date":"2020-04-20T08:02:39","date_gmt":"2020-04-20T06:02:39","guid":{"rendered":"http:\/\/w2.atez.es\/?page_id=42"},"modified":"2020-04-20T10:32:12","modified_gmt":"2020-04-20T08:32:12","slug":"fiestas","status":"publish","type":"page","link":"http:\/\/www.atez.es\/es\/turismo\/fiestas\/","title":{"rendered":"Fiestas"},"content":{"rendered":"<p>Durante los meses de verano se celebran las fiestas patronales de cada pueblo.<\/p>\n<p>En el Valle tambi\u00e9n se celebran los siguientes eventos:<\/p>\n<ul>\n<li>Carnavales (febrero).<\/li>\n<li>D\u00eda del Valle \u2013 Atezko Eguna (finales de Julio, el s\u00e1bado despu\u00e9s del d\u00eda de Santiago).<\/li>\n<li>Euskal jaiak (octubre).<\/li>\n<li>Olentzero (diciembre).<\/li>\n<\/ul>\n","protected":false},"excerpt":{"rendered":"<p>Durante los meses de verano se celebran las fiestas patronales de cada pueblo. En el Valle tambi\u00e9n se celebran los siguientes eventos: Carnavales (febrero). D\u00eda del Valle \u2013 Atezko Eguna (finales de Julio, el s\u00e1bado despu\u00e9s del d\u00eda de Santiago). Euskal jaiak (octubre). Olentzero (diciembre).<\/p>\n","protected":false},"author":2,"featured_media":0,"parent":38,"menu_order":0,"comment_status":"closed","ping_status":"closed","template":"","meta":{"footnotes":""},"_links":{"self":[{"href":"http:\/\/www.atez.es\/es\/wp-json\/wp\/v2\/pages\/42"}],"collection":[{"href":"http:\/\/www.atez.es\/es\/wp-json\/wp\/v2\/pages"}],"about":[{"href":"http:\/\/www.atez.es\/es\/wp-json\/wp\/v2\/types\/page"}],"author":[{"embeddable":true,"href":"http:\/\/www.atez.es\/es\/wp-json\/wp\/v2\/users\/2"}],"replies":[{"embeddable":true,"href":"http:\/\/www.atez.es\/es\/wp-json\/wp\/v2\/comments?post=42"}],"version-history":[{"count":2,"href":"http:\/\/www.atez.es\/es\/wp-json\/wp\/v2\/pages\/42\/revisions"}],"predecessor-version":[{"id":106,"href":"http:\/\/www.atez.es\/es\/wp-json\/wp\/v2\/pages\/42\/revisions\/106"}],"up":[{"embeddable":true,"href":"http:\/\/www.atez.es\/es\/wp-json\/wp\/v2\/pages\/38"}],"wp:attachment":[{"href":"http:\/\/www.atez.es\/es\/wp-json\/wp\/v2\/media?parent=42"}],"curies":[{"name":"wp","href":"https:\/\/api.w.org\/{rel}","templated":true}]}}