{"id":38,"date":"2020-04-20T08:02:22","date_gmt":"2020-04-20T06:02:22","guid":{"rendered":"http:\/\/w2.atez.es\/?page_id=38"},"modified":"2020-12-23T10:25:14","modified_gmt":"2020-12-23T09:25:14","slug":"turismo","status":"publish","type":"page","link":"http:\/\/www.atez.es\/es\/turismo\/","title":{"rendered":"Turismo"},"content":{"rendered":"<p><img loading=\"lazy\" decoding=\"async\" class=\"aligncenter wp-image-237 size-large img-fluid\" src=\"http:\/\/w2.atez.es\/wp-content\/uploads\/2020\/04\/DSC06565-1-1024x400.jpg\" alt=\"Cartel del valle de atez\" width=\"1024\" height=\"400\" srcset=\"http:\/\/www.atez.es\/wp-content\/uploads\/2020\/04\/DSC06565-1-1024x400.jpg 1024w, http:\/\/www.atez.es\/wp-content\/uploads\/2020\/04\/DSC06565-1-300x117.jpg 300w, http:\/\/www.atez.es\/wp-content\/uploads\/2020\/04\/DSC06565-1-768x300.jpg 768w, http:\/\/www.atez.es\/wp-content\/uploads\/2020\/04\/DSC06565-1-1536x600.jpg 1536w, http:\/\/www.atez.es\/wp-content\/uploads\/2020\/04\/DSC06565-1-2048x800.jpg 2048w, http:\/\/www.atez.es\/wp-content\/uploads\/2020\/04\/DSC06565-1-780x305.jpg 780w, http:\/\/www.atez.es\/wp-content\/uploads\/2020\/04\/DSC06565-1-180x70.jpg 180w\" sizes=\"(max-width: 1024px) 100vw, 1024px\" \/><\/p>\n<p>Atetz es un valle y municipio de la Comunidad Foral de Navarra, situado en la Merindad de Pamplona, en la comarca de Ultzamaldea y a 19 km de la capital de la comunidad, Pamplona.<\/p>\n<p>El municipio est\u00e1 compuesto de 5 concejos: Aroztegi \/ Ar\u00f3stegui; Ziganda \/ Ciganda; Beratsain \/ Berasa\u00edn; Beuntza \/ Beunza y Eritzegoiti \/ Erice y 6 lugares habitados: Labaso; Hiriberri \/ Iriberri; Beuntza Larrea \/ Beunza Larrea; Amalain \/ Amala\u00edn; Eguarats \/ Eguaras y Egillor \/ Egu\u00edllor.<\/p>\n<ul>\n<li>Altitud: 572 msnm<\/li>\n<li>Superficie: 26,33km2<\/li>\n<li>Poblaci\u00f3n: 215 (2019)<\/li>\n<li>Densidad: 8,62habit\/km2<\/li>\n<\/ul>\n<p><strong>AROZTEGI &lt;&gt; AR\u00d3STEGUI<\/strong><\/p>\n<ul>\n<li>Presidente: Lorenzo Ca\u00f1amares Aldaregu\u00eda &#8211; (I. Ar\u00f3stegui)<\/li>\n<li>E-mail: <a href=\"mailto:concejoarostegui@gmail.com\">concejoarostegui@gmail.com<\/a><\/li>\n<\/ul>\n<p><strong>BERATSAIN&lt;&gt;BERASA\u00cdN<\/strong><\/p>\n<ul>\n<li>Presidente: Aitor Mar\u00eda Egozcue Guerendiain &#8211; (I. Beras\u00e1in)<\/li>\n<li>E-mail: <a href=\"mailto:aitore2010@hotmail.com\">aitore2010@hotmail.com<\/a><\/li>\n<\/ul>\n<p><strong>BEUNTZA&lt;&gt;BEUNZA<\/strong><\/p>\n<ul>\n<li>Presidente: Mikel Eugui Ilund\u00e1in &#8211; (B. Dos)<\/li>\n<li>E-mail: <a href=\"mailto:meugi25@gmail.com\">meugi25@gmail.com<\/a><\/li>\n<\/ul>\n<p><strong>ERITZEGOITI &lt;&gt; ERICE<\/strong><\/p>\n<ul>\n<li>Presidente: Josemari Larra\u00f1egi Tirapu &#8211; (G.I. Eritzegoiti)<\/li>\n<li>E-mail: <a href=\"mailto:jmlarranegi@telefonica.net\">jmlarranegi@telefonica.net<\/a><\/li>\n<\/ul>\n<p><strong>ZIGANDA&lt;&gt;CIGANDA<\/strong><\/p>\n<ul>\n<li>Presidente: Jos\u00e9 Mar\u00eda Ibero Baraibar &#8211; (Zigandako Herria)<\/li>\n<li>E-mail: <a href=\"mailto:josebaraibar@gmail.com\">josebaraibar@gmail.com<\/a><\/li>\n<\/ul>\n","protected":false},"excerpt":{"rendered":"<p>Atetz es un valle y municipio de la Comunidad Foral de Navarra, situado en la Merindad de Pamplona, en la comarca de Ultzamaldea y a 19 km de la capital de la comunidad, Pamplona. El municipio est\u00e1 compuesto de 5 concejos: Aroztegi \/ Ar\u00f3stegui; Ziganda \/ Ciganda; Beratsain \/ Berasa\u00edn; Beuntza \/ Beunza y Eritzegoiti [&hellip;]<\/p>\n","protected":false},"author":2,"featured_media":0,"parent":0,"menu_order":0,"comment_status":"closed","ping_status":"closed","template":"","meta":{"footnotes":""},"_links":{"self":[{"href":"http:\/\/www.atez.es\/es\/wp-json\/wp\/v2\/pages\/38"}],"collection":[{"href":"http:\/\/www.atez.es\/es\/wp-json\/wp\/v2\/pages"}],"about":[{"href":"http:\/\/www.atez.es\/es\/wp-json\/wp\/v2\/types\/page"}],"author":[{"embeddable":true,"href":"http:\/\/www.atez.es\/es\/wp-json\/wp\/v2\/users\/2"}],"replies":[{"embeddable":true,"href":"http:\/\/www.atez.es\/es\/wp-json\/wp\/v2\/comments?post=38"}],"version-history":[{"count":12,"href":"http:\/\/www.atez.es\/es\/wp-json\/wp\/v2\/pages\/38\/revisions"}],"predecessor-version":[{"id":460,"href":"http:\/\/www.atez.es\/es\/wp-json\/wp\/v2\/pages\/38\/revisions\/460"}],"wp:attachment":[{"href":"http:\/\/www.atez.es\/es\/wp-json\/wp\/v2\/media?parent=38"}],"curies":[{"name":"wp","href":"https:\/\/api.w.org\/{rel}","templated":true}]}}