{"id":29,"date":"2020-04-20T07:44:53","date_gmt":"2020-04-20T05:44:53","guid":{"rendered":"http:\/\/w2.atez.es\/?page_id=29"},"modified":"2022-11-22T08:41:28","modified_gmt":"2022-11-22T07:41:28","slug":"telefonos","status":"publish","type":"page","link":"http:\/\/www.atez.es\/es\/telefonos\/","title":{"rendered":"Tel\u00e9fonos"},"content":{"rendered":"<table style=\"border-collapse: collapse;width: 100%\" border=\"1\">\n<tbody>\n<tr>\n<td style=\"width: 45.5487%\">Ayuntamiento de Atetz<\/td>\n<td style=\"width: 15.735%\">948 306564<\/td>\n<td style=\"width: 38.5093%\"><a href=\"mailto:ayuntamiento@atez.es\">ayuntamiento@atez.es<\/a><\/td>\n<\/tr>\n<tr>\n<td style=\"width: 45.5487%\">Mancomunidad Servicios Sociales Ultzama<\/td>\n<td style=\"width: 15.735%\">948 305353<\/td>\n<td style=\"width: 38.5093%\"><u>ssbultzama@infolocal.org<\/u><\/td>\n<\/tr>\n<tr>\n<td style=\"width: 45.5487%\">Consultorio m\u00e9dico Berriozar: Citas<\/td>\n<td style=\"width: 15.735%\">948 309404<\/td>\n<td style=\"width: 38.5093%\"><\/td>\n<\/tr>\n<tr>\n<td style=\"width: 45.5487%\">Consultorio m\u00e9dico Berriozar: Urgencias<\/td>\n<td style=\"width: 15.735%\">948 309466<\/td>\n<td style=\"width: 38.5093%\"><\/td>\n<\/tr>\n<tr>\n<td style=\"width: 45.5487%\">ORVE<\/td>\n<td style=\"width: 15.735%\">948 315600<\/td>\n<td style=\"width: 38.5093%\"><\/td>\n<\/tr>\n<tr>\n<td style=\"width: 45.5487%\">Colegio p\u00fablico Larraintzar<\/td>\n<td style=\"width: 15.735%\">948 309206<\/td>\n<td style=\"width: 38.5093%\"><\/td>\n<\/tr>\n<tr>\n<td style=\"width: 45.5487%\">Escuela m\u00fasica Aralar<\/td>\n<td style=\"width: 15.735%\">948 504489<\/td>\n<td style=\"width: 38.5093%\"><\/td>\n<\/tr>\n<tr>\n<td style=\"width: 45.5487%\"><\/td>\n<td style=\"width: 15.735%\"><\/td>\n<td style=\"width: 38.5093%\"><\/td>\n<\/tr>\n<\/tbody>\n<\/table>\n<p>&nbsp;<\/p>\n","protected":false},"excerpt":{"rendered":"<p>Ayuntamiento de Atetz 948 306564 ayuntamiento@atez.es Mancomunidad Servicios Sociales Ultzama 948 305353 ssbultzama@infolocal.org Consultorio m\u00e9dico Berriozar: Citas 948 309404 Consultorio m\u00e9dico Berriozar: Urgencias 948 309466 ORVE 948 315600 Colegio p\u00fablico Larraintzar 948 309206 Escuela m\u00fasica Aralar 948 504489 &nbsp;<\/p>\n","protected":false},"author":2,"featured_media":0,"parent":0,"menu_order":0,"comment_status":"closed","ping_status":"closed","template":"","meta":{"footnotes":""},"_links":{"self":[{"href":"http:\/\/www.atez.es\/es\/wp-json\/wp\/v2\/pages\/29"}],"collection":[{"href":"http:\/\/www.atez.es\/es\/wp-json\/wp\/v2\/pages"}],"about":[{"href":"http:\/\/www.atez.es\/es\/wp-json\/wp\/v2\/types\/page"}],"author":[{"embeddable":true,"href":"http:\/\/www.atez.es\/es\/wp-json\/wp\/v2\/users\/2"}],"replies":[{"embeddable":true,"href":"http:\/\/www.atez.es\/es\/wp-json\/wp\/v2\/comments?post=29"}],"version-history":[{"count":7,"href":"http:\/\/www.atez.es\/es\/wp-json\/wp\/v2\/pages\/29\/revisions"}],"predecessor-version":[{"id":1047,"href":"http:\/\/www.atez.es\/es\/wp-json\/wp\/v2\/pages\/29\/revisions\/1047"}],"wp:attachment":[{"href":"http:\/\/www.atez.es\/es\/wp-json\/wp\/v2\/media?parent=29"}],"curies":[{"name":"wp","href":"https:\/\/api.w.org\/{rel}","templated":true}]}}