{"id":25,"date":"2020-04-20T07:43:53","date_gmt":"2020-04-20T05:43:53","guid":{"rendered":"http:\/\/w2.atez.es\/?page_id=25"},"modified":"2020-11-27T08:25:24","modified_gmt":"2020-11-27T07:25:24","slug":"instancias","status":"publish","type":"page","link":"http:\/\/www.atez.es\/es\/ayuntamiento\/instancias\/","title":{"rendered":"Instancias"},"content":{"rendered":"<p><a href=\"http:\/\/w2.atez.es\/wp-content\/uploads\/2020\/04\/instancia-general.doc\" class=\"mtli_attachment mtli_doc\">Instancia general.<\/a><\/p>\n<p><a href=\"http:\/\/w2.atez.es\/wp-content\/uploads\/2020\/04\/alta-contrato-agua.docx\" class=\"mtli_attachment mtli_docx\">Alta del contrato agua.<\/a><\/p>\n<p><a href=\"http:\/\/w2.atez.es\/wp-content\/uploads\/2020\/04\/alta-baja-y-cambio-titularidad-contratos-agua.docx\" class=\"mtli_attachment mtli_docx\">Alta, baja y cambio titularidad contratos agua.<\/a><\/p>\n<p><a href=\"http:\/\/w2.atez.es\/wp-content\/uploads\/2020\/04\/declaracion-responsable-obra-menor.docx\" class=\"mtli_attachment mtli_docx\">Declaraci\u00f3n responsable de obra menor<\/a>.<\/p>\n<p><a href=\"http:\/\/w2.atez.es\/wp-content\/uploads\/2020\/04\/domiciliacion-de-tributos.doc\" class=\"mtli_attachment mtli_doc\">Domiciliaci\u00f3n de tributos.<\/a><\/p>\n<p><a href=\"http:\/\/w2.atez.es\/wp-content\/uploads\/2020\/04\/impreso-alta-padron.pdf\" class=\"mtli_attachment mtli_pdf\">Impreso de alta de padr\u00f3n.<\/a><\/p>\n","protected":false},"excerpt":{"rendered":"<p>Instancia general. Alta del contrato agua. Alta, baja y cambio titularidad contratos agua. Declaraci\u00f3n responsable de obra menor. Domiciliaci\u00f3n de tributos. Impreso de alta de padr\u00f3n.<\/p>\n","protected":false},"author":2,"featured_media":0,"parent":7,"menu_order":2,"comment_status":"closed","ping_status":"closed","template":"","meta":{"footnotes":""},"_links":{"self":[{"href":"http:\/\/www.atez.es\/es\/wp-json\/wp\/v2\/pages\/25"}],"collection":[{"href":"http:\/\/www.atez.es\/es\/wp-json\/wp\/v2\/pages"}],"about":[{"href":"http:\/\/www.atez.es\/es\/wp-json\/wp\/v2\/types\/page"}],"author":[{"embeddable":true,"href":"http:\/\/www.atez.es\/es\/wp-json\/wp\/v2\/users\/2"}],"replies":[{"embeddable":true,"href":"http:\/\/www.atez.es\/es\/wp-json\/wp\/v2\/comments?post=25"}],"version-history":[{"count":8,"href":"http:\/\/www.atez.es\/es\/wp-json\/wp\/v2\/pages\/25\/revisions"}],"predecessor-version":[{"id":380,"href":"http:\/\/www.atez.es\/es\/wp-json\/wp\/v2\/pages\/25\/revisions\/380"}],"up":[{"embeddable":true,"href":"http:\/\/www.atez.es\/es\/wp-json\/wp\/v2\/pages\/7"}],"wp:attachment":[{"href":"http:\/\/www.atez.es\/es\/wp-json\/wp\/v2\/media?parent=25"}],"curies":[{"name":"wp","href":"https:\/\/api.w.org\/{rel}","templated":true}]}}