{"id":12,"date":"2020-04-17T12:23:51","date_gmt":"2020-04-17T10:23:51","guid":{"rendered":"http:\/\/w2.atez.es\/?page_id=12"},"modified":"2020-04-20T08:25:26","modified_gmt":"2020-04-20T06:25:26","slug":"servicio-de-whatsapp","status":"publish","type":"page","link":"http:\/\/www.atez.es\/es\/ayuntamiento\/servicio-de-whatsapp\/","title":{"rendered":"Servicio de WhatsApp"},"content":{"rendered":"<p>El Ayuntamiento de\u00a0 Atetz quiere ofrecer a los vecinos y vecinas\u00a0 un nuevo modo de comunicaci\u00f3n \u00e1gil y r\u00e1pida, para informar\u00a0 sobre\u00a0 eventos, noticias,\u00a0 novedades y avisos de inter\u00e9s.<\/p>\n<p><img loading=\"lazy\" decoding=\"async\" class=\"size-full wp-image-83 alignleft\" src=\"http:\/\/w2.atez.es\/wp-content\/uploads\/2020\/04\/whatsapp-logo-3-1.png\" alt=\"\" width=\"200\" height=\"201\" srcset=\"http:\/\/www.atez.es\/wp-content\/uploads\/2020\/04\/whatsapp-logo-3-1.png 200w, http:\/\/www.atez.es\/wp-content\/uploads\/2020\/04\/whatsapp-logo-3-1-150x150.png 150w, http:\/\/www.atez.es\/wp-content\/uploads\/2020\/04\/whatsapp-logo-3-1-180x181.png 180w\" sizes=\"(max-width: 200px) 100vw, 200px\" \/><\/p>\n<h3><strong>\u00bfQu\u00e9 debo hacer para darme de alta?<\/strong><\/h3>\n<p>1\u00ba.- Crear un contacto nuevo en tu m\u00f3vil con nombre, por ejemplo InfoAtetz, con el n\u00famero 672099011<\/p>\n<p>2\u00ba.- Enviar un whatsapp a ese contacto indicando nombre y apellidos y que solicitas sumarte al servicio.<\/p>\n<p>El sistema te a\u00f1adir\u00e1 y recibir\u00e1s la siguiente informaci\u00f3n que genere el Ayuntamiento.<\/p>\n<h3><strong>\u00bfPuedo enviar<\/strong> <strong>comunicaciones<\/strong> <strong>al Ayuntamiento?<\/strong><\/h3>\n<p>No, este n\u00famero solo ser\u00e1 operativo para la funci\u00f3n indicada. No se realizar\u00e1 contestaci\u00f3n. Para contactar con el Ayuntamiento deber\u00e1s utilizar los canales habituales, puesto que este n\u00famero \u00fanicamente se utilizar\u00e1 para remitir informaci\u00f3n.<\/p>\n<h3><strong>\u00bfMe puedo dar<\/strong> <strong>de baja cuando quiera? <\/strong><\/h3>\n<p>En cualquier momento podr\u00e1s enviar un mensaje con el texto \u201cbaja Whatsapp\u201d a trav\u00e9s de esta herramienta y te daremos de baja de inmediato.<\/p>\n<p>Reglamento (UE) 2016\/679 (RGPD). Responsable del tratamiento de los datos de contacto: Ayuntamiento de Atetz. Finalidad: env\u00edo de comunicaciones y contacto con los interesados que mantienen una relaci\u00f3n con el Ayuntamiento.<\/p>\n","protected":false},"excerpt":{"rendered":"<p>El Ayuntamiento de\u00a0 Atetz quiere ofrecer a los vecinos y vecinas\u00a0 un nuevo modo de comunicaci\u00f3n \u00e1gil y r\u00e1pida, para informar\u00a0 sobre\u00a0 eventos, noticias,\u00a0 novedades y avisos de inter\u00e9s. \u00bfQu\u00e9 debo hacer para darme de alta? 1\u00ba.- Crear un contacto nuevo en tu m\u00f3vil con nombre, por ejemplo InfoAtetz, con el n\u00famero 672099011 2\u00ba.- Enviar [&hellip;]<\/p>\n","protected":false},"author":2,"featured_media":0,"parent":7,"menu_order":2,"comment_status":"closed","ping_status":"closed","template":"","meta":{"footnotes":""},"_links":{"self":[{"href":"http:\/\/www.atez.es\/es\/wp-json\/wp\/v2\/pages\/12"}],"collection":[{"href":"http:\/\/www.atez.es\/es\/wp-json\/wp\/v2\/pages"}],"about":[{"href":"http:\/\/www.atez.es\/es\/wp-json\/wp\/v2\/types\/page"}],"author":[{"embeddable":true,"href":"http:\/\/www.atez.es\/es\/wp-json\/wp\/v2\/users\/2"}],"replies":[{"embeddable":true,"href":"http:\/\/www.atez.es\/es\/wp-json\/wp\/v2\/comments?post=12"}],"version-history":[{"count":9,"href":"http:\/\/www.atez.es\/es\/wp-json\/wp\/v2\/pages\/12\/revisions"}],"predecessor-version":[{"id":87,"href":"http:\/\/www.atez.es\/es\/wp-json\/wp\/v2\/pages\/12\/revisions\/87"}],"up":[{"embeddable":true,"href":"http:\/\/www.atez.es\/es\/wp-json\/wp\/v2\/pages\/7"}],"wp:attachment":[{"href":"http:\/\/www.atez.es\/es\/wp-json\/wp\/v2\/media?parent=12"}],"curies":[{"name":"wp","href":"https:\/\/api.w.org\/{rel}","templated":true}]}}